{"id":2,"date":"2023-09-23T19:49:31","date_gmt":"2023-09-23T17:49:31","guid":{"rendered":"http:\/\/pmcc.wf\/?page_id=2"},"modified":"2025-01-06T17:40:11","modified_gmt":"2025-01-06T16:40:11","slug":"page-d-exemple","status":"publish","type":"page","link":"https:\/\/pmcc.wf\/","title":{"rendered":"PMCC"},"content":{"rendered":"\n<div class=\"wp-block-cover\"><span aria-hidden=\"true\" class=\"wp-block-cover__background has-background-dim\"><\/span><img loading=\"lazy\" decoding=\"async\" width=\"1024\" height=\"768\" class=\"wp-block-cover__image-background wp-image-270\" alt=\"\" src=\"http:\/\/pmcc.wf\/wp-content\/uploads\/2023\/09\/posidonies-1024x768.jpg\" data-object-fit=\"cover\" srcset=\"https:\/\/pmcc.wf\/wp-content\/uploads\/2023\/09\/posidonies-1024x768.jpg 1024w, https:\/\/pmcc.wf\/wp-content\/uploads\/2023\/09\/posidonies-300x225.jpg 300w, https:\/\/pmcc.wf\/wp-content\/uploads\/2023\/09\/posidonies-768x576.jpg 768w, https:\/\/pmcc.wf\/wp-content\/uploads\/2023\/09\/posidonies.jpg 1071w\" sizes=\"auto, (max-width: 1024px) 100vw, 1024px\" \/><div class=\"wp-block-cover__inner-container is-layout-flow wp-block-cover-is-layout-flow\">\n<div class=\"wp-block-columns is-layout-flex wp-container-core-columns-is-layout-9d6595d7 wp-block-columns-is-layout-flex\">\n<div class=\"wp-block-column is-vertically-aligned-top is-layout-flow wp-block-column-is-layout-flow\" style=\"flex-basis:66.66%\">\n<p class=\"has-text-align-center has-white-color has-text-color has-link-color has-large-font-size wp-elements-4274e94f9e9ff4929da7b2b050706649\">Protection Marine <br>Capi Corsu<\/p>\n<\/div>\n\n\n\n<div class=\"wp-block-column is-layout-flow wp-block-column-is-layout-flow\" style=\"flex-basis:33.33%\">\n<figure class=\"wp-block-image size-full\"><img loading=\"lazy\" decoding=\"async\" width=\"161\" height=\"133\" src=\"https:\/\/pmcc.wf\/wp-content\/uploads\/2024\/08\/image-2.png\" alt=\"\" class=\"wp-image-302\"\/><\/figure>\n<\/div>\n<\/div>\n\n\n\n<p class=\"has-text-align-left has-white-color has-text-color has-link-color has-medium-font-size wp-elements-5e75b23ec183fb3c2c2959c42c93c2b7\">L&rsquo;Association PMCC a \u00e9t\u00e9 cr\u00e9\u00e9e le 15 Mars 2014 et est enregistr\u00e9e sous le R.N.A :\u00a0W2B2002616.<\/p>\n\n\n\n<p class=\"has-white-color has-text-color has-link-color has-medium-font-size wp-elements-c17e66d7bd65103bed68923e6a5ba2f2\">Elle a pour objet <br> la&nbsp;protection de l\u2019environnement sous marin du cap corse;<br> la&nbsp;protection des esp\u00e8ces prot\u00e9g\u00e9es et r\u00e8glement\u00e9es&nbsp;; <br> le nettoyage et entretien des fonds et c\u00f4tes&nbsp;; <br> l&rsquo;analyse de la flore et de la faune sous marines locales&nbsp;; <br> l&rsquo;aide \u00e0 la surveillance des pollutions marines.<\/p>\n\n\n\n<p class=\"has-white-color has-text-color has-link-color has-medium-font-size wp-elements-dc1b18b0da8f6d7daa5d37b79a36dc01\"><\/p>\n\n\n\n<p class=\"has-white-color has-text-color has-link-color has-medium-font-size wp-elements-37dfa1f0b29f6b94a7c075109b0cedff\">Les articles que nous cr\u00e9ons sur ce site concernent essentiellement l&rsquo;\u00e9volution de la faune, de la flore, sont aussi des comptes rendus des \u00e9v\u00e8nements marquants dans la Cap Corse.<\/p>\n\n\n\n<p class=\"has-white-color has-text-color has-link-color has-medium-font-size wp-elements-21458d95867a3ee8dfc02e68cd6879e3\">Nous y traitons \u00e9galement des mesures de protection des esp\u00e8ces animales, des interdictions qui r\u00e8glementent l&rsquo;approche ou le d\u00e9barquement dans certains sites.<\/p>\n\n\n\n<p class=\"has-white-color has-text-color has-link-color has-medium-font-size wp-elements-10503ba6cbebee13ef904688919f9417\">Et C\u00e6tera &#8230;<\/p>\n\n\n\n<p class=\"has-white-color has-text-color has-link-color has-medium-font-size wp-elements-b0b7ef2fc6d12b5b535153da6d73deed\">Bon s\u00e9jour dans le cap, et merci de nous soutenir en ramenant vos papiers, et ceux des autres.<\/p>\n\n\n\n<p class=\"has-text-align-center has-large-font-size\"><\/p>\n<\/div><\/div>\n\n\n\n<p><\/p>\n","protected":false},"excerpt":{"rendered":"","protected":false},"author":1,"featured_media":0,"parent":0,"menu_order":0,"comment_status":"closed","ping_status":"open","template":"","meta":{"footnotes":""},"class_list":["post-2","page","type-page","status-publish","hentry","post"],"_links":{"self":[{"href":"https:\/\/pmcc.wf\/index.php\/wp-json\/wp\/v2\/pages\/2","targetHints":{"allow":["GET"]}}],"collection":[{"href":"https:\/\/pmcc.wf\/index.php\/wp-json\/wp\/v2\/pages"}],"about":[{"href":"https:\/\/pmcc.wf\/index.php\/wp-json\/wp\/v2\/types\/page"}],"author":[{"embeddable":true,"href":"https:\/\/pmcc.wf\/index.php\/wp-json\/wp\/v2\/users\/1"}],"replies":[{"embeddable":true,"href":"https:\/\/pmcc.wf\/index.php\/wp-json\/wp\/v2\/comments?post=2"}],"version-history":[{"count":8,"href":"https:\/\/pmcc.wf\/index.php\/wp-json\/wp\/v2\/pages\/2\/revisions"}],"predecessor-version":[{"id":436,"href":"https:\/\/pmcc.wf\/index.php\/wp-json\/wp\/v2\/pages\/2\/revisions\/436"}],"wp:attachment":[{"href":"https:\/\/pmcc.wf\/index.php\/wp-json\/wp\/v2\/media?parent=2"}],"curies":[{"name":"wp","href":"https:\/\/api.w.org\/{rel}","templated":true}]}}