{"id":126,"date":"2023-09-24T21:23:38","date_gmt":"2023-09-24T19:23:38","guid":{"rendered":"https:\/\/pmcc.wf\/?page_id=126"},"modified":"2023-09-24T21:23:38","modified_gmt":"2023-09-24T19:23:38","slug":"charte-des-membres-pmcc-protection-marine-capi-corsu","status":"publish","type":"page","link":"https:\/\/pmcc.wf\/index.php\/charte-des-membres-pmcc-protection-marine-capi-corsu\/","title":{"rendered":"Charte des membres PMCC ( Protection Marine\u00a0Capi\u00a0Corsu\u00a0)\u00a0"},"content":{"rendered":"\n<p><strong><u>PROTECTION-PREVENTION-NETTOYAGE-SURVEILLANCE-RESPECT<\/u><\/strong> <strong><u>DES FONDS SOUS MARINS\u00a0\u00a0ET\u00a0\u00a0DES RIVAGES\u00a0\u00a0<\/u><\/strong><\/p>\n\n\n\n<p>L\u2019association demande \u00e0 ses membres de \u00ab\u00a0profiter \u00a0\u00bb de leur temps de loisir ou de \u00ab\u00a0 travail\u00a0\u00bb pour la protection et la sauvegarde des fonds sous-marins\u00a0\u00a0et\u00a0\u00a0de la c\u00f4te dans la baie de\u00a0Centuri\u00a0et de tous les fonds sous marins des zones\u00a0Morsiglia\u00a0,\u00a0Ersa\u00a0,\u00a0Rogliano\u00a0,\u00a0Centuri\u00a0\u00a0et sur le\u00a0\u00a0Cap Corse en g\u00e9n\u00e9ral .<\/p>\n\n\n\n<p><br>Chaque membre est donc une personne active en permanence\u00a0\u00a0pour aider l\u2019action de l\u2019association. En\u00a0priorit\u00e9 sa pr\u00e9occupation est l\u2019univers sous marin de la zone de la baie de\u00a0Centuri\u00a0\u00a0(port\u00a0compris)\u00a0en compl\u00e9ment des associations existantes s\u2019occupant du littoral\u00a0\u00a0avec sa faunes et sa flores\u00a0etc\u00a0..<\/p>\n\n\n\n<p>Les membres que l\u2019association informera sur toutes esp\u00e8ces et les r\u00e9glementations en place, sont avant tout des&nbsp;:<\/p>\n\n\n\n<p>\u00b7\u00a0\u00a0\u00a0\u00a0\u00a0\u00a0\u00a0\u00a0\u00a0informateurs aupr\u00e8s des touristes et des autorit\u00e9s<br>\u00b7\u00a0\u00a0\u00a0\u00a0\u00a0\u00a0\u00a0\u00a0\u00a0surveillants \/gardiens du patrimoine sous marin\u00a0\u00a0local<br>\u00b7\u00a0\u00a0\u00a0\u00a0\u00a0\u00a0\u00a0\u00a0\u00a0plongeurs \/ observateurs des esp\u00e8ces et de leur \u00e9volution<br>\u00b7\u00a0\u00a0\u00a0\u00a0\u00a0\u00a0\u00a0\u00a0\u00a0infirmiers de la nature<br>\u00b7\u00a0\u00a0\u00a0\u00a0\u00a0\u00a0\u00a0\u00a0\u00a0et pour les\u00a0meilleurs ,\u00a0\u00a0chercheurs scientifiques \u00a0!<\/p>\n\n\n\n<p><strong><em><u>A )<\/u><\/em><\/strong><strong><em><u>\u00a0INFORMATION ET PREVENTION sur ZONE\u00a0:\u00a0<\/u><\/em><\/strong> Le membre doit \u00a0avant tout \u00a0pr\u00e9venir\u00a0et prot\u00e9ger . A chacune des sorties en mer sur ou sous\u00a0l\u2019eau ,\u00a0ou d\u2019 occasions\u00a0quelles qu\u2019elles\u00a0soient\u00a0\u00a0, le membre doit en priorit\u00e9 pratiquer la\u00a0<strong>pr\u00e9vention<\/strong>\u00a0et renseigner la ou les personnes naviguant , nageant ou se promenant dans la zone , sur les esp\u00e8ces\u00a0\u00a0sous marines \u00e0 prot\u00e9ger et des gestes ou situation\u00a0\u00a0\u00e0 \u00e9viter soit par une intervention directe orale soit en distribuant des notes d\u2019info locales .<\/p>\n\n\n\n<p><strong><em><u>B )<\/u><\/em><\/strong><strong><em><u>&nbsp;OBSERVATION &nbsp;:&nbsp;<\/u><\/em><\/strong>Le membre , \u00e0 chacune de ses sorties en mer ,&nbsp;&nbsp;doit&nbsp;&nbsp;essayer&nbsp;&nbsp;de localiser&nbsp;&nbsp;&nbsp;et&nbsp;&nbsp;recenser les esp\u00e8ces sous marines et les photographier et r\u00e9pertorier si possible . Cela ajoutera de l\u2019int\u00e9r\u00eat \u00e0 ses plong\u00e9es sous marine ou&nbsp;&nbsp;ballades&nbsp;&nbsp;\u00ab&nbsp;\u00e0 tuba&nbsp;\u00bb ,&nbsp;sorties en bateau , p\u00eaches touristiques ou professionnelles&nbsp;etc&nbsp;..<\/p>\n\n\n\n<p><strong><em><u>C ) PROTECTION\u00a0\u00a0:\u00a0<\/u><\/em><\/strong>le membre , s\u2019il le peut, intervient directement sur place pour rem\u00e9dier les d\u00e9g\u00e2ts\u00a0\u00a0survenus ou constat\u00e9s et pour retirer du fonds de l\u2019eau\u00a0\u00a0( ou du\u00a0\u00a0bord de mer ), les ordures\u00a0: pneus , moteurs ,plastiques , bidons d\u2019huile\u00a0etc. , et pr\u00e9venir toutes\u00a0\u00a0pollutions. Des campagnes en d\u00e9but ou fin de saison avec d\u2019autres organismes ou associations seront organis\u00e9es avec les municipalit\u00e9s concern\u00e9es\u00a0\u00a0pour le ramassage et l\u2019extraction de\u00a0\u00a0ces d\u00e9tritus, si\u00a0n\u00e9cessaire .<\/p>\n\n\n\n<p><strong><em><u>D) SURVEILLANCE ET INTERVENTION&nbsp;<\/u><\/em><\/strong>: En cas de conditions climatiques fortes&nbsp;&nbsp;les membres de l\u2019association surveillent (dans la mesure de leurs&nbsp;&nbsp;moyens )&nbsp;les incidents possible et&nbsp;&nbsp;aident les plaisanciers en difficult\u00e9 . Ils pr\u00e9viennent les autorit\u00e9s d\u00e9s que possible et agissent de m\u00eame en cas de&nbsp;pollution .<\/p>\n\n\n\n<p>\u00a0En cas d\u2019infraction et de braconnage lors de cueillettes et\/ou chasse sous marine ( avec ou sans scaphandres ) le membre se doit d\u2019essayer d\u2019intervenir au plus\u00a0\u00a0vite en cas de probl\u00e8mes soit en\u00a0\u00a0informant\u00a0\u00a0les contrevenants soit en pr\u00e9venant l\u2019association et\/ou les autorit\u00e9s, tout en essayant de respecter les us et coutumes des habitants de la r\u00e9gion .<\/p>\n\n\n\n<p><strong><em><u>E ) PARTAGE :&nbsp;<\/u><\/em><\/strong>Chaque&nbsp;&nbsp;membre doit se tenir au courant&nbsp;&nbsp;des esp\u00e8ces ( faunes flores ) \u00e0 prot\u00e9ger , de l\u2019\u00e9volution des fonds et&nbsp;&nbsp;partager ses connaissances avec l\u2019association et tous ses&nbsp;&nbsp;membres&nbsp;: ex apparition de la&nbsp;taxifolia&nbsp;&nbsp;caulerpa&nbsp;etc&nbsp;..&nbsp;&nbsp;.<\/p>\n","protected":false},"excerpt":{"rendered":"<p>PROTECTION-PREVENTION-NETTOYAGE-SURVEILLANCE-RESPECT DES FONDS SOUS MARINS\u00a0\u00a0ET\u00a0\u00a0DES RIVAGES\u00a0\u00a0 L\u2019association demande \u00e0 ses membres de \u00ab\u00a0profiter \u00a0\u00bb de leur temps de loisir ou de \u00ab\u00a0 travail\u00a0\u00bb pour la protection et la sauvegarde des fonds sous-marins\u00a0\u00a0et\u00a0\u00a0de la c\u00f4te dans la baie de\u00a0Centuri\u00a0et de tous les fonds sous marins des zones\u00a0Morsiglia\u00a0,\u00a0Ersa\u00a0,\u00a0Rogliano\u00a0,\u00a0Centuri\u00a0\u00a0et sur le\u00a0\u00a0Cap Corse en g\u00e9n\u00e9ral . Chaque membre est [&hellip;]<\/p>\n","protected":false},"author":1,"featured_media":0,"parent":0,"menu_order":0,"comment_status":"closed","ping_status":"closed","template":"","meta":{"footnotes":""},"class_list":["post-126","page","type-page","status-publish","hentry","post"],"_links":{"self":[{"href":"https:\/\/pmcc.wf\/index.php\/wp-json\/wp\/v2\/pages\/126","targetHints":{"allow":["GET"]}}],"collection":[{"href":"https:\/\/pmcc.wf\/index.php\/wp-json\/wp\/v2\/pages"}],"about":[{"href":"https:\/\/pmcc.wf\/index.php\/wp-json\/wp\/v2\/types\/page"}],"author":[{"embeddable":true,"href":"https:\/\/pmcc.wf\/index.php\/wp-json\/wp\/v2\/users\/1"}],"replies":[{"embeddable":true,"href":"https:\/\/pmcc.wf\/index.php\/wp-json\/wp\/v2\/comments?post=126"}],"version-history":[{"count":1,"href":"https:\/\/pmcc.wf\/index.php\/wp-json\/wp\/v2\/pages\/126\/revisions"}],"predecessor-version":[{"id":127,"href":"https:\/\/pmcc.wf\/index.php\/wp-json\/wp\/v2\/pages\/126\/revisions\/127"}],"wp:attachment":[{"href":"https:\/\/pmcc.wf\/index.php\/wp-json\/wp\/v2\/media?parent=126"}],"curies":[{"name":"wp","href":"https:\/\/api.w.org\/{rel}","templated":true}]}}